{"id":609,"date":"2020-08-31T10:21:19","date_gmt":"2020-08-31T10:21:19","guid":{"rendered":"https:\/\/oportoride.com\/?page_id=609"},"modified":"2020-09-09T10:44:35","modified_gmt":"2020-09-09T10:44:35","slug":"regras-covid-19","status":"publish","type":"page","link":"https:\/\/oportoride.com\/en\/regras-covid-19\/","title":{"rendered":"Regras Covid-19"},"content":{"rendered":"<p>De acordo com as regras impostas relativamente aos cuidados a ter com o cont\u00e1gio de COVID-19 e de maneira a que tanto o staff bem como os passageiros tenham uma viagem segura e fora de risco em termos de contamina\u00e7\u00e3o, pedimos que todos estejam protegidos com m\u00e1scara e usem \u00e1lcool gel antes do embarque. Na eventualidade de n\u00e3o terem, n\u00f3s disponibilizamos.<\/p>","protected":false},"excerpt":{"rendered":"<p>De acordo com as regras impostas relativamente aos cuidados a ter com o cont\u00e1gio de COVID-19 e de maneira a que tanto o staff bem como os passageiros tenham uma viagem segura e fora de risco em termos de contamina\u00e7\u00e3o, pedimos que todos estejam protegidos com m\u00e1scara e usem \u00e1lcool gel antes do embarque. Na<\/p>","protected":false},"author":1,"featured_media":0,"parent":0,"menu_order":0,"comment_status":"open","ping_status":"closed","template":"","meta":[],"_links":{"self":[{"href":"https:\/\/oportoride.com\/en\/wp-json\/wp\/v2\/pages\/609"}],"collection":[{"href":"https:\/\/oportoride.com\/en\/wp-json\/wp\/v2\/pages"}],"about":[{"href":"https:\/\/oportoride.com\/en\/wp-json\/wp\/v2\/types\/page"}],"author":[{"embeddable":true,"href":"https:\/\/oportoride.com\/en\/wp-json\/wp\/v2\/users\/1"}],"replies":[{"embeddable":true,"href":"https:\/\/oportoride.com\/en\/wp-json\/wp\/v2\/comments?post=609"}],"version-history":[{"count":5,"href":"https:\/\/oportoride.com\/en\/wp-json\/wp\/v2\/pages\/609\/revisions"}],"predecessor-version":[{"id":723,"href":"https:\/\/oportoride.com\/en\/wp-json\/wp\/v2\/pages\/609\/revisions\/723"}],"wp:attachment":[{"href":"https:\/\/oportoride.com\/en\/wp-json\/wp\/v2\/media?parent=609"}],"curies":[{"name":"wp","href":"https:\/\/api.w.org\/{rel}","templated":true}]}}